{"id":6,"date":"2016-09-01T11:23:51","date_gmt":"2016-09-01T09:23:52","guid":{"rendered":"https:\/\/www.taramana.org\/en\/page-d-exemple\/"},"modified":"2022-07-19T04:28:56","modified_gmt":"2022-07-19T02:28:56","slug":"taramana","status":"publish","type":"page","link":"https:\/\/www.taramana.org\/en\/taramana\/","title":{"rendered":"Taramana"},"content":{"rendered":"<p>ENGLISH PAGE<\/p>\n<p>&nbsp;<\/p>\n<p>Voici un exemple de page. Elle est diff\u00e9rente d\u2019un article de blog, en cela qu\u2019elle restera \u00e0 la m\u00eame place, et s\u2019affichera dans le menu de navigation de votre site (en fonction de votre th\u00e8me). La plupart des gens commencent par \u00e9crire une page \u00ab \u00c0 Propos \u00bb qui les pr\u00e9sente aux visiteurs potentiels du site. Vous pourriez y \u00e9crire quelque chose de ce tenant :<\/p>\n<blockquote><p>Bonjour ! Je suis un m\u00e9canicien qui aspire \u00e0 devenir un acteur, et voici mon blog. J\u2019habite \u00e0 Bordeaux, j\u2019ai un super chien baptis\u00e9 Russell, et j\u2019aime la vodka-ananas (ainsi que regarder la pluie tomber).<\/p><\/blockquote>\n<p>&#8230;ou bien quelque chose comme \u00e7a :<\/p>\n<blockquote><p>La soci\u00e9t\u00e9 123 Machin Truc a \u00e9t\u00e9 cr\u00e9\u00e9e en 1971, et n\u2019a cess\u00e9 de proposer au public des machins-trucs de qualit\u00e9 depuis lors. Situ\u00e9e \u00e0 Saint-Remy-en-Bouzemont-Saint-Genest-et-Isson, 123 Machin Truc emploie 2 000 personnes, et fabrique toutes sortes de bidules super pour la communaut\u00e9 bouzemontoise.<\/p><\/blockquote>\n<p>\u00c9tant donn\u00e9 que vous \u00eates un nouvel utilisateur de WordPress, vous devriez vous rendre sur votre <a href=\"https:\/\/www.taramana.org\/wp-admin\/\">Tableau de bord<\/a> pour effacer la pr\u00e9sente page, et cr\u00e9er de nouvelles pages avec votre propre contenu. Amusez-vous bien !<\/p>\n","protected":false},"excerpt":{"rendered":"<p>ENGLISH PAGE &nbsp; Voici un exemple de page. Elle est diff\u00e9rente d\u2019un article de blog, [&hellip;]<\/p>\n","protected":false},"author":1,"featured_media":0,"parent":0,"menu_order":1,"comment_status":"closed","ping_status":"closed","template":"template-parts\/template-page-parente.php","meta":{"_acf_changed":false,"advgb_blocks_editor_width":"","advgb_blocks_columns_visual_guide":"","footnotes":""},"class_list":["post-6","page","type-page","status-publish","hentry"],"acf":[],"yoast_head":"<!-- This site is optimized with the Yoast SEO plugin v27.3 - https:\/\/yoast.com\/product\/yoast-seo-wordpress\/ -->\n<title>Taramana - Association Loi 1901 - NGO - Franco\/Khmer<\/title>\n<meta name=\"description\" content=\"The Taramana Loi 1901 Association (Franco\/Khmer NGO) helps the children of a slum in Cambodia thanks to 4 main actions: Support for education - health and nutrition - social support - artistic and sports activities\" \/>\n<meta name=\"robots\" content=\"index, follow, max-snippet:-1, max-image-preview:large, max-video-preview:-1\" \/>\n<link rel=\"canonical\" href=\"https:\/\/www.taramana.org\/en\/taramana\/\" \/>\n<meta property=\"og:locale\" content=\"en_US\" \/>\n<meta property=\"og:type\" content=\"article\" \/>\n<meta property=\"og:title\" content=\"Taramana - Association Loi 1901 - NGO - Franco\/Khmer\" \/>\n<meta property=\"og:description\" content=\"The Taramana Loi 1901 Association (Franco\/Khmer NGO) helps the children of a slum in Cambodia thanks to 4 main actions: Support for education - health and nutrition - social support - artistic and sports activities\" \/>\n<meta property=\"og:url\" content=\"https:\/\/www.taramana.org\/en\/taramana\/\" \/>\n<meta property=\"og:site_name\" content=\"Taramana\" \/>\n<meta property=\"article:publisher\" content=\"https:\/\/www.facebook.com\/taramana.org\/\" \/>\n<meta property=\"article:modified_time\" content=\"2022-07-19T02:28:56+00:00\" \/>\n<meta name=\"twitter:label1\" content=\"Est. reading time\" \/>\n\t<meta name=\"twitter:data1\" content=\"1 minute\" \/>\n<script type=\"application\/ld+json\" class=\"yoast-schema-graph\">{\"@context\":\"https:\\\/\\\/schema.org\",\"@graph\":[{\"@type\":\"WebPage\",\"@id\":\"https:\\\/\\\/www.taramana.org\\\/en\\\/taramana\\\/\",\"url\":\"https:\\\/\\\/www.taramana.org\\\/en\\\/taramana\\\/\",\"name\":\"Taramana - Association Loi 1901 - NGO - Franco\\\/Khmer\",\"isPartOf\":{\"@id\":\"https:\\\/\\\/www.taramana.org\\\/en\\\/#website\"},\"datePublished\":\"2016-09-01T09:23:52+00:00\",\"dateModified\":\"2022-07-19T02:28:56+00:00\",\"description\":\"The Taramana Loi 1901 Association (Franco\\\/Khmer NGO) helps the children of a slum in Cambodia thanks to 4 main actions: Support for education - health and nutrition - social support - artistic and sports activities\",\"breadcrumb\":{\"@id\":\"https:\\\/\\\/www.taramana.org\\\/en\\\/taramana\\\/#breadcrumb\"},\"inLanguage\":\"en-US\",\"potentialAction\":[{\"@type\":\"ReadAction\",\"target\":[\"https:\\\/\\\/www.taramana.org\\\/en\\\/taramana\\\/\"]}]},{\"@type\":\"BreadcrumbList\",\"@id\":\"https:\\\/\\\/www.taramana.org\\\/en\\\/taramana\\\/#breadcrumb\",\"itemListElement\":[{\"@type\":\"ListItem\",\"position\":1,\"name\":\"Accueil\",\"item\":\"https:\\\/\\\/www.taramana.org\\\/en\\\/\"},{\"@type\":\"ListItem\",\"position\":2,\"name\":\"Taramana\"}]},{\"@type\":\"WebSite\",\"@id\":\"https:\\\/\\\/www.taramana.org\\\/en\\\/#website\",\"url\":\"https:\\\/\\\/www.taramana.org\\\/en\\\/\",\"name\":\"Taramana\",\"description\":\"Un site utilisant WordPresssss\",\"publisher\":{\"@id\":\"https:\\\/\\\/www.taramana.org\\\/en\\\/#organization\"},\"potentialAction\":[{\"@type\":\"SearchAction\",\"target\":{\"@type\":\"EntryPoint\",\"urlTemplate\":\"https:\\\/\\\/www.taramana.org\\\/en\\\/?s={search_term_string}\"},\"query-input\":{\"@type\":\"PropertyValueSpecification\",\"valueRequired\":true,\"valueName\":\"search_term_string\"}}],\"inLanguage\":\"en-US\"},{\"@type\":\"Organization\",\"@id\":\"https:\\\/\\\/www.taramana.org\\\/en\\\/#organization\",\"name\":\"Taramana\",\"url\":\"https:\\\/\\\/www.taramana.org\\\/en\\\/\",\"logo\":{\"@type\":\"ImageObject\",\"inLanguage\":\"en-US\",\"@id\":\"https:\\\/\\\/www.taramana.org\\\/en\\\/#\\\/schema\\\/logo\\\/image\\\/\",\"url\":\"https:\\\/\\\/www.taramana.org\\\/wp-content\\\/uploads\\\/2016\\\/09\\\/cropped-logo-512x512.png\",\"contentUrl\":\"https:\\\/\\\/www.taramana.org\\\/wp-content\\\/uploads\\\/2016\\\/09\\\/cropped-logo-512x512.png\",\"width\":512,\"height\":512,\"caption\":\"Taramana\"},\"image\":{\"@id\":\"https:\\\/\\\/www.taramana.org\\\/en\\\/#\\\/schema\\\/logo\\\/image\\\/\"},\"sameAs\":[\"https:\\\/\\\/www.facebook.com\\\/taramana.org\\\/\",\"https:\\\/\\\/x.com\\\/taramana_ngo\",\"https:\\\/\\\/www.instagram.com\\\/taramanaong\\\/\",\"https:\\\/\\\/www.youtube.com\\\/user\\\/taramanactions\"]}]}<\/script>\n<!-- \/ Yoast SEO plugin. -->","yoast_head_json":{"title":"Taramana - Association Loi 1901 - NGO - Franco\/Khmer","description":"The Taramana Loi 1901 Association (Franco\/Khmer NGO) helps the children of a slum in Cambodia thanks to 4 main actions: Support for education - health and nutrition - social support - artistic and sports activities","robots":{"index":"index","follow":"follow","max-snippet":"max-snippet:-1","max-image-preview":"max-image-preview:large","max-video-preview":"max-video-preview:-1"},"canonical":"https:\/\/www.taramana.org\/en\/taramana\/","og_locale":"en_US","og_type":"article","og_title":"Taramana - Association Loi 1901 - NGO - Franco\/Khmer","og_description":"The Taramana Loi 1901 Association (Franco\/Khmer NGO) helps the children of a slum in Cambodia thanks to 4 main actions: Support for education - health and nutrition - social support - artistic and sports activities","og_url":"https:\/\/www.taramana.org\/en\/taramana\/","og_site_name":"Taramana","article_publisher":"https:\/\/www.facebook.com\/taramana.org\/","article_modified_time":"2022-07-19T02:28:56+00:00","twitter_misc":{"Est. reading time":"1 minute"},"schema":{"@context":"https:\/\/schema.org","@graph":[{"@type":"WebPage","@id":"https:\/\/www.taramana.org\/en\/taramana\/","url":"https:\/\/www.taramana.org\/en\/taramana\/","name":"Taramana - Association Loi 1901 - NGO - Franco\/Khmer","isPartOf":{"@id":"https:\/\/www.taramana.org\/en\/#website"},"datePublished":"2016-09-01T09:23:52+00:00","dateModified":"2022-07-19T02:28:56+00:00","description":"The Taramana Loi 1901 Association (Franco\/Khmer NGO) helps the children of a slum in Cambodia thanks to 4 main actions: Support for education - health and nutrition - social support - artistic and sports activities","breadcrumb":{"@id":"https:\/\/www.taramana.org\/en\/taramana\/#breadcrumb"},"inLanguage":"en-US","potentialAction":[{"@type":"ReadAction","target":["https:\/\/www.taramana.org\/en\/taramana\/"]}]},{"@type":"BreadcrumbList","@id":"https:\/\/www.taramana.org\/en\/taramana\/#breadcrumb","itemListElement":[{"@type":"ListItem","position":1,"name":"Accueil","item":"https:\/\/www.taramana.org\/en\/"},{"@type":"ListItem","position":2,"name":"Taramana"}]},{"@type":"WebSite","@id":"https:\/\/www.taramana.org\/en\/#website","url":"https:\/\/www.taramana.org\/en\/","name":"Taramana","description":"Un site utilisant WordPresssss","publisher":{"@id":"https:\/\/www.taramana.org\/en\/#organization"},"potentialAction":[{"@type":"SearchAction","target":{"@type":"EntryPoint","urlTemplate":"https:\/\/www.taramana.org\/en\/?s={search_term_string}"},"query-input":{"@type":"PropertyValueSpecification","valueRequired":true,"valueName":"search_term_string"}}],"inLanguage":"en-US"},{"@type":"Organization","@id":"https:\/\/www.taramana.org\/en\/#organization","name":"Taramana","url":"https:\/\/www.taramana.org\/en\/","logo":{"@type":"ImageObject","inLanguage":"en-US","@id":"https:\/\/www.taramana.org\/en\/#\/schema\/logo\/image\/","url":"https:\/\/www.taramana.org\/wp-content\/uploads\/2016\/09\/cropped-logo-512x512.png","contentUrl":"https:\/\/www.taramana.org\/wp-content\/uploads\/2016\/09\/cropped-logo-512x512.png","width":512,"height":512,"caption":"Taramana"},"image":{"@id":"https:\/\/www.taramana.org\/en\/#\/schema\/logo\/image\/"},"sameAs":["https:\/\/www.facebook.com\/taramana.org\/","https:\/\/x.com\/taramana_ngo","https:\/\/www.instagram.com\/taramanaong\/","https:\/\/www.youtube.com\/user\/taramanactions"]}]}},"coauthors":[],"author_meta":{"author_link":"https:\/\/www.taramana.org\/en\/author\/isabellecoccinet-com\/","display_name":"isabelle@coccinet.com"},"relative_dates":{"created":"Posted 10 years ago","modified":"Updated 4 years ago"},"absolute_dates":{"created":"Posted on September 1, 2016","modified":"Updated on July 19, 2022"},"absolute_dates_time":{"created":"Posted on September 1, 2016 11:23 am","modified":"Updated on July 19, 2022 4:28 am"},"featured_img_caption":"","featured_img":false,"series_order":"","_links":{"self":[{"href":"https:\/\/www.taramana.org\/en\/wp-json\/wp\/v2\/pages\/6","targetHints":{"allow":["GET"]}}],"collection":[{"href":"https:\/\/www.taramana.org\/en\/wp-json\/wp\/v2\/pages"}],"about":[{"href":"https:\/\/www.taramana.org\/en\/wp-json\/wp\/v2\/types\/page"}],"author":[{"embeddable":true,"href":"https:\/\/www.taramana.org\/en\/wp-json\/wp\/v2\/users\/1"}],"replies":[{"embeddable":true,"href":"https:\/\/www.taramana.org\/en\/wp-json\/wp\/v2\/comments?post=6"}],"version-history":[{"count":3,"href":"https:\/\/www.taramana.org\/en\/wp-json\/wp\/v2\/pages\/6\/revisions"}],"predecessor-version":[{"id":8566,"href":"https:\/\/www.taramana.org\/en\/wp-json\/wp\/v2\/pages\/6\/revisions\/8566"}],"wp:attachment":[{"href":"https:\/\/www.taramana.org\/en\/wp-json\/wp\/v2\/media?parent=6"}],"curies":[{"name":"wp","href":"https:\/\/api.w.org\/{rel}","templated":true}]}}