{"id":63,"date":"2016-09-01T18:02:15","date_gmt":"2016-09-01T16:02:15","guid":{"rendered":"https:\/\/www.taramana.org\/en\/?page_id=63"},"modified":"2026-03-16T09:37:56","modified_gmt":"2026-03-16T08:37:56","slug":"cultural-and-sport-activities","status":"publish","type":"page","link":"https:\/\/www.taramana.org\/en\/our-actions\/cultural-and-sport-activities\/","title":{"rendered":"Artistic and sport activities"},"content":{"rendered":"\n<p><strong>Different extracurricular activities are now part of our program and help children to fully develop themselves.&nbsp;&nbsp;&nbsp;&nbsp;&nbsp;<\/strong><\/p>\n\n\n\n<p>For instance, thanks to our partner <a href=\"http:\/\/www.kampuchearugby.com\/\" target=\"_blank\" rel=\"noreferrer noopener\">Kampuchea Balopp<\/a>, the children have <strong>rugby training<\/strong> every Thursday. In parallel, some 40 children from the centre meet on Wednesday evenings after school for <strong>football training<\/strong>.<br><strong>Manual activities<\/strong> are also offered to the kids when they attend the center\u2019s library.<\/p>\n\n\n\n<p>The Taramana Magdalena center, opened in 2016, was designed with areas entirely dedicated to activities, including <strong>music and dance rooms<\/strong>.<\/p>\n\n\n\n<p>Other more specific activities are offered to children: yoga, French drama class, visits, outings, exhibitions, etc.<\/p>\n\n\n\n<figure class=\"wp-block-gallery has-nested-images columns-default is-cropped wp-block-gallery-1 is-layout-flex wp-block-gallery-is-layout-flex\">\n<figure class=\"wp-block-image size-large\"><a href=\"https:\/\/www.taramana.org\/en\/9-_dsc2159-2\/\"><img loading=\"lazy\" decoding=\"async\" width=\"1024\" height=\"683\" data-id=\"13880\" src=\"https:\/\/www.taramana.org\/wp-content\/uploads\/2026\/02\/9-_DSC2159-1024x683.jpg\" alt=\"\" class=\"wp-image-13880\" srcset=\"https:\/\/www.taramana.org\/wp-content\/uploads\/2026\/02\/9-_DSC2159-1024x683.jpg 1024w, https:\/\/www.taramana.org\/wp-content\/uploads\/2026\/02\/9-_DSC2159-300x200.jpg 300w, https:\/\/www.taramana.org\/wp-content\/uploads\/2026\/02\/9-_DSC2159-768x512.jpg 768w, https:\/\/www.taramana.org\/wp-content\/uploads\/2026\/02\/9-_DSC2159-1536x1024.jpg 1536w, https:\/\/www.taramana.org\/wp-content\/uploads\/2026\/02\/9-_DSC2159-2048x1365.jpg 2048w, https:\/\/www.taramana.org\/wp-content\/uploads\/2026\/02\/9-_DSC2159-200x133.jpg 200w\" sizes=\"auto, (max-width: 1024px) 100vw, 1024px\" \/><\/a><\/figure>\n\n\n\n<figure class=\"wp-block-image size-large\"><a href=\"https:\/\/www.taramana.org\/en\/our-actions\/cultural-and-sport-activities\/52-_dsc2301-2\/\"><img loading=\"lazy\" decoding=\"async\" width=\"1024\" height=\"683\" data-id=\"13884\" src=\"https:\/\/www.taramana.org\/wp-content\/uploads\/2026\/02\/52-_DSC2301-1024x683.jpg\" alt=\"\" class=\"wp-image-13884\" srcset=\"https:\/\/www.taramana.org\/wp-content\/uploads\/2026\/02\/52-_DSC2301-1024x683.jpg 1024w, https:\/\/www.taramana.org\/wp-content\/uploads\/2026\/02\/52-_DSC2301-300x200.jpg 300w, https:\/\/www.taramana.org\/wp-content\/uploads\/2026\/02\/52-_DSC2301-768x512.jpg 768w, https:\/\/www.taramana.org\/wp-content\/uploads\/2026\/02\/52-_DSC2301-1536x1024.jpg 1536w, https:\/\/www.taramana.org\/wp-content\/uploads\/2026\/02\/52-_DSC2301-2048x1365.jpg 2048w, https:\/\/www.taramana.org\/wp-content\/uploads\/2026\/02\/52-_DSC2301-200x133.jpg 200w\" sizes=\"auto, (max-width: 1024px) 100vw, 1024px\" \/><\/a><\/figure>\n\n\n\n<figure class=\"wp-block-image size-large\"><a href=\"https:\/\/www.taramana.org\/en\/our-actions\/cultural-and-sport-activities\/25-_dsc4651-2\/\"><img loading=\"lazy\" decoding=\"async\" width=\"1024\" height=\"683\" data-id=\"13886\" src=\"https:\/\/www.taramana.org\/wp-content\/uploads\/2026\/02\/25-_DSC4651-1024x683.jpg\" alt=\"\" class=\"wp-image-13886\" srcset=\"https:\/\/www.taramana.org\/wp-content\/uploads\/2026\/02\/25-_DSC4651-1024x683.jpg 1024w, https:\/\/www.taramana.org\/wp-content\/uploads\/2026\/02\/25-_DSC4651-300x200.jpg 300w, https:\/\/www.taramana.org\/wp-content\/uploads\/2026\/02\/25-_DSC4651-768x512.jpg 768w, https:\/\/www.taramana.org\/wp-content\/uploads\/2026\/02\/25-_DSC4651-1536x1024.jpg 1536w, https:\/\/www.taramana.org\/wp-content\/uploads\/2026\/02\/25-_DSC4651-2048x1366.jpg 2048w, https:\/\/www.taramana.org\/wp-content\/uploads\/2026\/02\/25-_DSC4651-200x133.jpg 200w\" sizes=\"auto, (max-width: 1024px) 100vw, 1024px\" \/><\/a><\/figure>\n<\/figure>\n\n\n<p>\u00a0<\/p>\n<h2 style=\"text-align: justify;\">The \u00ab Little Rascals \u00bb<\/h2>\n<p>A group of <strong>French-speaking students<\/strong> are part of the theater troop \u00ab Les Petits Chenapans \u00bb.<\/p>\n<p>In 2016, their <strong>comedy play<\/strong> \u00ab Allo Docteur, vous n\u2019auriez pas vu mon Bidou? \u00bb, which was written by the president of Taramana, was performed in different places in Phnom Penh: the <em>Lyc\u00e9e Fran\u00e7ais Ren\u00e9 Descartes<\/em> and l\u2019<em>Espace Volontaires du Cambodge<\/em>.<\/p>\n<p>The troop was even able to export its play and came to France to present it.<\/p>\n<p><img loading=\"lazy\" decoding=\"async\" class=\"aligncenter size-full wp-image-6795\" src=\"https:\/\/www.taramana.org\/wp-content\/uploads\/2019\/04\/petits-chenapans.png\" alt=\"\" width=\"1200\" height=\"316\" srcset=\"https:\/\/www.taramana.org\/wp-content\/uploads\/2019\/04\/petits-chenapans.png 1200w, https:\/\/www.taramana.org\/wp-content\/uploads\/2019\/04\/petits-chenapans-300x79.png 300w, https:\/\/www.taramana.org\/wp-content\/uploads\/2019\/04\/petits-chenapans-768x202.png 768w, https:\/\/www.taramana.org\/wp-content\/uploads\/2019\/04\/petits-chenapans-1024x270.png 1024w\" sizes=\"auto, (max-width: 1200px) 100vw, 1200px\" \/><\/p>\n<h2><strong>WANT TO GO FURTHER?<\/strong><\/h2>\n<p><img decoding=\"async\" class=\"emoji\" draggable=\"false\" src=\"https:\/\/s.w.org\/images\/core\/emoji\/11\/svg\/1f91d.svg\" alt=\"????\" \/>\u00a0<strong>I support<\/strong>\u00a0Taramana\u2019s action\u00a0<img decoding=\"async\" class=\"emoji\" draggable=\"false\" src=\"https:\/\/s.w.org\/images\/core\/emoji\/11\/svg\/25b6.svg\" alt=\"\u25b6\ufe0f\" \/>\u00a0<a href=\"https:\/\/www.taramana.org\/en\/support-us\/\">Take action<\/a><br \/><strong><img decoding=\"async\" class=\"emoji\" draggable=\"false\" src=\"https:\/\/s.w.org\/images\/core\/emoji\/11\/svg\/1f4ec.svg\" alt=\"????\" \/>\u00a0I subscribe to the newsletter<\/strong>\u00a0(French) to receive news from the children of Taramana\u00a0<img decoding=\"async\" class=\"emoji\" draggable=\"false\" src=\"https:\/\/s.w.org\/images\/core\/emoji\/11\/svg\/25b6.svg\" alt=\"\u25b6\ufe0f\" \/>\u00a0<a href=\"https:\/\/taramana.us13.list-manage.com\/subscribe?u=1c2b5e4a3051ef25b481ec6b0&amp;id=3ee1a03558\" target=\"_blank\" rel=\"noopener\">Let\u2019s go<\/a><\/p>","protected":false},"excerpt":{"rendered":"<p>Different extracurricular activities are now part of our program and help children to fully develop [&hellip;]<\/p>\n","protected":false},"author":1,"featured_media":13673,"parent":39,"menu_order":4,"comment_status":"closed","ping_status":"closed","template":"","meta":{"_acf_changed":false,"advgb_blocks_editor_width":"","advgb_blocks_columns_visual_guide":"","footnotes":""},"class_list":["post-63","page","type-page","status-publish","has-post-thumbnail","hentry"],"acf":[],"yoast_head":"<!-- This site is optimized with the Yoast SEO plugin v27.4 - https:\/\/yoast.com\/product\/yoast-seo-wordpress\/ -->\n<title>Taramana extracuricular activities - arts and sports<\/title>\n<meta name=\"description\" content=\"Different extracurricular activities are now part of our program and help children to fully develop themselves. Rugby - Football - Dance - Music - Drama...\" \/>\n<meta name=\"robots\" content=\"index, follow, max-snippet:-1, max-image-preview:large, max-video-preview:-1\" \/>\n<link rel=\"canonical\" href=\"https:\/\/www.taramana.org\/en\/our-actions\/cultural-and-sport-activities\/\" \/>\n<meta property=\"og:locale\" content=\"en_US\" \/>\n<meta property=\"og:type\" content=\"article\" \/>\n<meta property=\"og:title\" content=\"Taramana extracuricular activities - arts and sports\" \/>\n<meta property=\"og:description\" content=\"Different extracurricular activities are now part of our program and help children to fully develop themselves. Rugby - Football - Dance - Music - Drama...\" \/>\n<meta property=\"og:url\" content=\"https:\/\/www.taramana.org\/en\/our-actions\/cultural-and-sport-activities\/\" \/>\n<meta property=\"og:site_name\" content=\"Taramana\" \/>\n<meta property=\"article:publisher\" content=\"https:\/\/www.facebook.com\/taramana.org\/\" \/>\n<meta property=\"article:modified_time\" content=\"2026-03-16T08:37:56+00:00\" \/>\n<meta property=\"og:image\" content=\"https:\/\/www.taramana.org\/wp-content\/uploads\/2026\/01\/23-_DSC2271-scaled.jpg\" \/>\n\t<meta property=\"og:image:width\" content=\"2560\" \/>\n\t<meta property=\"og:image:height\" content=\"1707\" \/>\n\t<meta property=\"og:image:type\" content=\"image\/jpeg\" \/>\n<meta name=\"twitter:label1\" content=\"Est. reading time\" \/>\n\t<meta name=\"twitter:data1\" content=\"1 minute\" \/>\n<script type=\"application\/ld+json\" class=\"yoast-schema-graph\">{\"@context\":\"https:\\\/\\\/schema.org\",\"@graph\":[{\"@type\":\"WebPage\",\"@id\":\"https:\\\/\\\/www.taramana.org\\\/en\\\/our-actions\\\/cultural-and-sport-activities\\\/\",\"url\":\"https:\\\/\\\/www.taramana.org\\\/en\\\/our-actions\\\/cultural-and-sport-activities\\\/\",\"name\":\"Taramana extracuricular activities - arts and sports\",\"isPartOf\":{\"@id\":\"https:\\\/\\\/www.taramana.org\\\/en\\\/#website\"},\"primaryImageOfPage\":{\"@id\":\"https:\\\/\\\/www.taramana.org\\\/en\\\/our-actions\\\/cultural-and-sport-activities\\\/#primaryimage\"},\"image\":{\"@id\":\"https:\\\/\\\/www.taramana.org\\\/en\\\/our-actions\\\/cultural-and-sport-activities\\\/#primaryimage\"},\"thumbnailUrl\":\"https:\\\/\\\/www.taramana.org\\\/wp-content\\\/uploads\\\/2026\\\/01\\\/23-_DSC2271-scaled.jpg\",\"datePublished\":\"2016-09-01T16:02:15+00:00\",\"dateModified\":\"2026-03-16T08:37:56+00:00\",\"description\":\"Different extracurricular activities are now part of our program and help children to fully develop themselves. Rugby - Football - Dance - Music - Drama...\",\"breadcrumb\":{\"@id\":\"https:\\\/\\\/www.taramana.org\\\/en\\\/our-actions\\\/cultural-and-sport-activities\\\/#breadcrumb\"},\"inLanguage\":\"en-US\",\"potentialAction\":[{\"@type\":\"ReadAction\",\"target\":[\"https:\\\/\\\/www.taramana.org\\\/en\\\/our-actions\\\/cultural-and-sport-activities\\\/\"]}]},{\"@type\":\"ImageObject\",\"inLanguage\":\"en-US\",\"@id\":\"https:\\\/\\\/www.taramana.org\\\/en\\\/our-actions\\\/cultural-and-sport-activities\\\/#primaryimage\",\"url\":\"https:\\\/\\\/www.taramana.org\\\/wp-content\\\/uploads\\\/2026\\\/01\\\/23-_DSC2271-scaled.jpg\",\"contentUrl\":\"https:\\\/\\\/www.taramana.org\\\/wp-content\\\/uploads\\\/2026\\\/01\\\/23-_DSC2271-scaled.jpg\",\"width\":2560,\"height\":1707},{\"@type\":\"BreadcrumbList\",\"@id\":\"https:\\\/\\\/www.taramana.org\\\/en\\\/our-actions\\\/cultural-and-sport-activities\\\/#breadcrumb\",\"itemListElement\":[{\"@type\":\"ListItem\",\"position\":1,\"name\":\"Accueil\",\"item\":\"https:\\\/\\\/www.taramana.org\\\/en\\\/\"},{\"@type\":\"ListItem\",\"position\":2,\"name\":\"Our actions\",\"item\":\"https:\\\/\\\/www.taramana.org\\\/en\\\/our-actions\\\/\"},{\"@type\":\"ListItem\",\"position\":3,\"name\":\"Artistic and sport activities\"}]},{\"@type\":\"WebSite\",\"@id\":\"https:\\\/\\\/www.taramana.org\\\/en\\\/#website\",\"url\":\"https:\\\/\\\/www.taramana.org\\\/en\\\/\",\"name\":\"Taramana\",\"description\":\"Un site utilisant WordPresssss\",\"publisher\":{\"@id\":\"https:\\\/\\\/www.taramana.org\\\/en\\\/#organization\"},\"potentialAction\":[{\"@type\":\"SearchAction\",\"target\":{\"@type\":\"EntryPoint\",\"urlTemplate\":\"https:\\\/\\\/www.taramana.org\\\/en\\\/?s={search_term_string}\"},\"query-input\":{\"@type\":\"PropertyValueSpecification\",\"valueRequired\":true,\"valueName\":\"search_term_string\"}}],\"inLanguage\":\"en-US\"},{\"@type\":\"Organization\",\"@id\":\"https:\\\/\\\/www.taramana.org\\\/en\\\/#organization\",\"name\":\"Taramana\",\"url\":\"https:\\\/\\\/www.taramana.org\\\/en\\\/\",\"logo\":{\"@type\":\"ImageObject\",\"inLanguage\":\"en-US\",\"@id\":\"https:\\\/\\\/www.taramana.org\\\/en\\\/#\\\/schema\\\/logo\\\/image\\\/\",\"url\":\"https:\\\/\\\/www.taramana.org\\\/wp-content\\\/uploads\\\/2016\\\/09\\\/cropped-logo-512x512.png\",\"contentUrl\":\"https:\\\/\\\/www.taramana.org\\\/wp-content\\\/uploads\\\/2016\\\/09\\\/cropped-logo-512x512.png\",\"width\":512,\"height\":512,\"caption\":\"Taramana\"},\"image\":{\"@id\":\"https:\\\/\\\/www.taramana.org\\\/en\\\/#\\\/schema\\\/logo\\\/image\\\/\"},\"sameAs\":[\"https:\\\/\\\/www.facebook.com\\\/taramana.org\\\/\",\"https:\\\/\\\/x.com\\\/taramana_ngo\",\"https:\\\/\\\/www.instagram.com\\\/taramanaong\\\/\",\"https:\\\/\\\/www.youtube.com\\\/user\\\/taramanactions\"]}]}<\/script>\n<!-- \/ Yoast SEO plugin. -->","yoast_head_json":{"title":"Taramana extracuricular activities - arts and sports","description":"Different extracurricular activities are now part of our program and help children to fully develop themselves. Rugby - Football - Dance - Music - Drama...","robots":{"index":"index","follow":"follow","max-snippet":"max-snippet:-1","max-image-preview":"max-image-preview:large","max-video-preview":"max-video-preview:-1"},"canonical":"https:\/\/www.taramana.org\/en\/our-actions\/cultural-and-sport-activities\/","og_locale":"en_US","og_type":"article","og_title":"Taramana extracuricular activities - arts and sports","og_description":"Different extracurricular activities are now part of our program and help children to fully develop themselves. Rugby - Football - Dance - Music - Drama...","og_url":"https:\/\/www.taramana.org\/en\/our-actions\/cultural-and-sport-activities\/","og_site_name":"Taramana","article_publisher":"https:\/\/www.facebook.com\/taramana.org\/","article_modified_time":"2026-03-16T08:37:56+00:00","og_image":[{"width":2560,"height":1707,"url":"https:\/\/www.taramana.org\/wp-content\/uploads\/2026\/01\/23-_DSC2271-scaled.jpg","type":"image\/jpeg"}],"twitter_misc":{"Est. reading time":"1 minute"},"schema":{"@context":"https:\/\/schema.org","@graph":[{"@type":"WebPage","@id":"https:\/\/www.taramana.org\/en\/our-actions\/cultural-and-sport-activities\/","url":"https:\/\/www.taramana.org\/en\/our-actions\/cultural-and-sport-activities\/","name":"Taramana extracuricular activities - arts and sports","isPartOf":{"@id":"https:\/\/www.taramana.org\/en\/#website"},"primaryImageOfPage":{"@id":"https:\/\/www.taramana.org\/en\/our-actions\/cultural-and-sport-activities\/#primaryimage"},"image":{"@id":"https:\/\/www.taramana.org\/en\/our-actions\/cultural-and-sport-activities\/#primaryimage"},"thumbnailUrl":"https:\/\/www.taramana.org\/wp-content\/uploads\/2026\/01\/23-_DSC2271-scaled.jpg","datePublished":"2016-09-01T16:02:15+00:00","dateModified":"2026-03-16T08:37:56+00:00","description":"Different extracurricular activities are now part of our program and help children to fully develop themselves. Rugby - Football - Dance - Music - Drama...","breadcrumb":{"@id":"https:\/\/www.taramana.org\/en\/our-actions\/cultural-and-sport-activities\/#breadcrumb"},"inLanguage":"en-US","potentialAction":[{"@type":"ReadAction","target":["https:\/\/www.taramana.org\/en\/our-actions\/cultural-and-sport-activities\/"]}]},{"@type":"ImageObject","inLanguage":"en-US","@id":"https:\/\/www.taramana.org\/en\/our-actions\/cultural-and-sport-activities\/#primaryimage","url":"https:\/\/www.taramana.org\/wp-content\/uploads\/2026\/01\/23-_DSC2271-scaled.jpg","contentUrl":"https:\/\/www.taramana.org\/wp-content\/uploads\/2026\/01\/23-_DSC2271-scaled.jpg","width":2560,"height":1707},{"@type":"BreadcrumbList","@id":"https:\/\/www.taramana.org\/en\/our-actions\/cultural-and-sport-activities\/#breadcrumb","itemListElement":[{"@type":"ListItem","position":1,"name":"Accueil","item":"https:\/\/www.taramana.org\/en\/"},{"@type":"ListItem","position":2,"name":"Our actions","item":"https:\/\/www.taramana.org\/en\/our-actions\/"},{"@type":"ListItem","position":3,"name":"Artistic and sport activities"}]},{"@type":"WebSite","@id":"https:\/\/www.taramana.org\/en\/#website","url":"https:\/\/www.taramana.org\/en\/","name":"Taramana","description":"Un site utilisant WordPresssss","publisher":{"@id":"https:\/\/www.taramana.org\/en\/#organization"},"potentialAction":[{"@type":"SearchAction","target":{"@type":"EntryPoint","urlTemplate":"https:\/\/www.taramana.org\/en\/?s={search_term_string}"},"query-input":{"@type":"PropertyValueSpecification","valueRequired":true,"valueName":"search_term_string"}}],"inLanguage":"en-US"},{"@type":"Organization","@id":"https:\/\/www.taramana.org\/en\/#organization","name":"Taramana","url":"https:\/\/www.taramana.org\/en\/","logo":{"@type":"ImageObject","inLanguage":"en-US","@id":"https:\/\/www.taramana.org\/en\/#\/schema\/logo\/image\/","url":"https:\/\/www.taramana.org\/wp-content\/uploads\/2016\/09\/cropped-logo-512x512.png","contentUrl":"https:\/\/www.taramana.org\/wp-content\/uploads\/2016\/09\/cropped-logo-512x512.png","width":512,"height":512,"caption":"Taramana"},"image":{"@id":"https:\/\/www.taramana.org\/en\/#\/schema\/logo\/image\/"},"sameAs":["https:\/\/www.facebook.com\/taramana.org\/","https:\/\/x.com\/taramana_ngo","https:\/\/www.instagram.com\/taramanaong\/","https:\/\/www.youtube.com\/user\/taramanactions"]}]}},"coauthors":[],"author_meta":{"author_link":"https:\/\/www.taramana.org\/en\/author\/isabellecoccinet-com\/","display_name":"isabelle@coccinet.com"},"relative_dates":{"created":"Posted 10 years ago","modified":"Updated 1 month ago"},"absolute_dates":{"created":"Posted on September 1, 2016","modified":"Updated on March 16, 2026"},"absolute_dates_time":{"created":"Posted on September 1, 2016 6:02 pm","modified":"Updated on March 16, 2026 9:37 am"},"featured_img_caption":"","featured_img":"https:\/\/www.taramana.org\/wp-content\/uploads\/2026\/01\/23-_DSC2271-scaled.jpg","series_order":"","_links":{"self":[{"href":"https:\/\/www.taramana.org\/en\/wp-json\/wp\/v2\/pages\/63","targetHints":{"allow":["GET"]}}],"collection":[{"href":"https:\/\/www.taramana.org\/en\/wp-json\/wp\/v2\/pages"}],"about":[{"href":"https:\/\/www.taramana.org\/en\/wp-json\/wp\/v2\/types\/page"}],"author":[{"embeddable":true,"href":"https:\/\/www.taramana.org\/en\/wp-json\/wp\/v2\/users\/1"}],"replies":[{"embeddable":true,"href":"https:\/\/www.taramana.org\/en\/wp-json\/wp\/v2\/comments?post=63"}],"version-history":[{"count":5,"href":"https:\/\/www.taramana.org\/en\/wp-json\/wp\/v2\/pages\/63\/revisions"}],"predecessor-version":[{"id":13993,"href":"https:\/\/www.taramana.org\/en\/wp-json\/wp\/v2\/pages\/63\/revisions\/13993"}],"up":[{"embeddable":true,"href":"https:\/\/www.taramana.org\/en\/wp-json\/wp\/v2\/pages\/39"}],"wp:featuredmedia":[{"embeddable":true,"href":"https:\/\/www.taramana.org\/en\/wp-json\/wp\/v2\/media\/13673"}],"wp:attachment":[{"href":"https:\/\/www.taramana.org\/en\/wp-json\/wp\/v2\/media?parent=63"}],"curies":[{"name":"wp","href":"https:\/\/api.w.org\/{rel}","templated":true}]}}